{"id":6035,"date":"2021-06-17T16:40:18","date_gmt":"2021-06-17T16:40:18","guid":{"rendered":"https:\/\/www.efc-intl.com\/industrias\/vehiculos-electrificados\/"},"modified":"2022-02-08T12:01:59","modified_gmt":"2022-02-08T18:01:59","slug":"vehiculos-electrificados","status":"publish","type":"page","link":"https:\/\/www.efc-intl.com\/es\/industrias\/vehiculos-electrificados\/","title":{"rendered":"Veh\u00edculos Electricos"},"content":{"rendered":"<p><span style=\"font-weight: 400;\">EFC International es un proveedor l\u00edder de sujetadores de sujeci\u00f3n y cierre utilizados en la industria automotriz. Nuestro soporte de ingenier\u00eda y mejoras creativas brindan a los clientes un valor excepcional. Los clientes experimentan verdaderos ahorros de costos con nuestras innovadoras soluciones de ensamblaje para transferencia de fluidos, sujeci\u00f3n, enrutamiento, molduras, asientos, panel de instrumentos, carrocer\u00eda, exterior, interior y otros segmentos de aplicaci\u00f3n.<\/span><\/p>\n<p><span style=\"font-weight: 400;\">EFC es un proveedor Tier, que suministra piezas directamente a fabricantes de equipos originales como Tesla y muchas otras compa\u00f1\u00edas <a href=\"https:\/\/www.efc-intl.com\/industries\/automotive\/\">automotrices<\/a>. Como proveedor Tier para la creciente industria de veh\u00edculos electricos, EFC se enfoca en encontrar soluciones de ingenier\u00eda innovadoras para muchas aplicaciones automotrices. <\/span><\/p>\n<h2><span style=\"font-weight: 400;\">\u00bfQu\u00e9 es un veh\u00edculo electrico?<\/span><\/h2>\n<p><span style=\"font-weight: 400;\">Los dos tipos de autom\u00f3viles electrificados son los veh\u00edculos electricos h\u00edbridos enchufables (PHEV) y los veh\u00edculos totalmente electricos (AEV). Los AEV incluyen veh\u00edculos electricos de pila de combustible (FCEV) y veh\u00edculos electricos de bater\u00eda (BEV). Los FCEV se recargan con hidr\u00f3geno y una celda de combustible para generar electricidad que impulsa el autom\u00f3vil. Los BEV no tienen motor de gasolina de respaldo y cuentan con paquetes de bater\u00edas m\u00e1s grandes que almacenan m\u00e1s energ\u00eda de la red el\u00e9ctrica y a trav\u00e9s del frenado regenerativo para aumentar la autonom\u00eda del veh\u00edculo. <\/span><\/p>\n<h2><span style=\"font-weight: 400;\">Piezas de veh\u00edculos electricos de EFC International<\/span><\/h2>\n<p><span style=\"font-weight: 400;\">EFC International, que presta servicios a clientes de todo el mundo, ayuda a optimizar los costos de los clientes, lo que les permite tener m\u00e1s tiempo para concentrarse en sus negocios principales. Como proveedor de nivel certificado, EFC<a href=\"https:\/\/www.efc-intl.com\/es\/recursos\/sujete-su-viaje\/\">proporciona componentes de ingenier\u00eda<\/a> de calidad a Honda, Toyota, Hyundai, BMW, Mercedes, Chrysler, GM, Ford y otros clientes locales. Tambi\u00e9n proporcionamos piezas para varios tipos de veh\u00edculos electricos, incluidos FCEV, HEV, FHEV, PHEV, MHEV y BEV. <\/span><\/p>\n<p><span style=\"font-weight: 400;\">Algunas de nuestras soluciones de ingenier\u00eda para aplicaciones automotrices incluyen:<\/span><\/p>\n<ul>\n<li style=\"font-weight: 400;\" aria-level=\"1\"><span style=\"font-weight: 400;\"><a href=\"https:\/\/www.efc-intl.com\/viewitems\/front-mounting\/advanced-compensation-nuts-acn\">Tuercas de compensaci\u00f3n avanzadas<\/a>: altamente dise\u00f1adas para problemas de tolerancia y espacios<\/span><\/li>\n<li style=\"font-weight: 400;\" aria-level=\"1\"><span style=\"font-weight: 400;\"><a href=\"https:\/\/www.efc-intl.com\/viewitems\/cage-nuts\/front-mounting-cage-nuts\">Tuercas retenedoras para montaje frontal<\/a> Y<a href=\"https:\/\/www.efc-intl.com\/category\/plastic-motion-control\"> Componentes de control de movimiento<\/a><\/span><\/li>\n<li style=\"font-weight: 400;\" aria-level=\"1\"><a href=\"https:\/\/www.efc-intl.com\/category\/mid-panel-retaining-nuts-\"><span style=\"font-weight: 400;\">Tuercas de panel intermedio<\/span><\/a><\/li>\n<li style=\"font-weight: 400;\" aria-level=\"1\"><a href=\"https:\/\/www.efc-intl.com\/category\/plastic-panel-fasteners\"><span style=\"font-weight: 400;\">Sujetadores de panel<\/span><\/a><\/li>\n<li style=\"font-weight: 400;\" aria-level=\"1\"><span style=\"font-weight: 400;\"><a href=\"https:\/\/www.efc-intl.com\/category\/self-retaining-nuts\">Tuercas autorretenibles<\/a>: incluidas <a href=\"https:\/\/www.efc-intl.com\/category\/u-type---j-type-retaining-nuts\">tuercas en U<\/a>, <a href=\"https:\/\/www.efc-intl.com\/item\/nut-plates\/stamped-nut-plates\/16-1007-001\">tuercas de placa atornillable<\/a> y m\u00e1s<\/span><\/li>\n<li style=\"font-weight: 400;\" aria-level=\"1\"><a href=\"https:\/\/www.efc-intl.com\/category\/plastic-panel-fasteners\"><span style=\"font-weight: 400;\">Clips de ajuste<\/span><\/a><\/li>\n<li style=\"font-weight: 400;\" aria-level=\"1\"><a href=\"https:\/\/www.efc-intl.com\/category\/efc-cable-management--electrical-and-fittings\"><span style=\"font-weight: 400;\">Componentes de enrutamiento<\/span><\/a><\/li>\n<\/ul>\n<p><span style=\"font-weight: 400;\">Vea nuestro <a href=\"\/wp-content\/uploads\/EFC-International-Automotive-Catalog-1.pdf\">Cat\u00e1logo Automotriz<\/a> para conocer nuestra gama completa de sujetadores y componentes que se ofrecen para la industria automotriz y veh\u00edculos electricos. <\/span><\/p>\n<h2><span style=\"font-weight: 400;\">EFC International proporciona piezas de calidad para veh\u00edculos electricos<\/span><\/h2>\n<p><span style=\"font-weight: 400;\">Los veh\u00edculos electricos est\u00e1n ganando popularidad como alternativa a los autom\u00f3viles con motor de combusti\u00f3n interna. A medida que la tecnolog\u00eda de los veh\u00edculos electricos se expande, tambi\u00e9n lo hace la demanda de piezas y componentes OEM de calidad. Reduzca el tiempo, el costo, la complejidad y el riesgo al asociarse con EFC International para sus accesorios, cierres y otros componentes de veh\u00edculos electricos OEM. <\/span>Nuestra combinaci\u00f3n de calidad, asociaciones estrat\u00e9gicas, ingenier\u00eda experta y presencia global proporciona a nuestros clientes un valor innegable. <a href=\"https:\/\/www.efc-intl.com\/contact\/\">Cont\u00e1ctenos<\/a> para obtener m\u00e1s informaci\u00f3n sobre c\u00f3mo podemos ayudarlo a encontrar soluciones de ingenier\u00eda especializadas y piezas de veh\u00edculos electricos para su aplicaci\u00f3n automotriz.<\/p>\n","protected":false},"excerpt":{"rendered":"<p>EFC International es un proveedor l\u00edder de sujetadores de sujeci\u00f3n y cierre utilizados en la industria automotriz. Nuestro soporte de ingenier\u00eda y mejoras creativas brindan a los clientes un valor excepcional. Los clientes experimentan verdaderos ahorros de costos con nuestras innovadoras soluciones de ensamblaje para transferencia de fluidos, sujeci\u00f3n, enrutamiento, molduras, asientos, panel de instrumentos, [&hellip;]<\/p>\n","protected":false},"author":21,"featured_media":0,"parent":2898,"menu_order":0,"comment_status":"closed","ping_status":"closed","template":"","meta":{"_acf_changed":false,"inline_featured_image":false,"footnotes":""},"class_list":["post-6035","page","type-page","status-publish","hentry"],"acf":[],"aioseo_notices":[],"_links":{"self":[{"href":"https:\/\/www.efc-intl.com\/es\/wp-json\/wp\/v2\/pages\/6035","targetHints":{"allow":["GET"]}}],"collection":[{"href":"https:\/\/www.efc-intl.com\/es\/wp-json\/wp\/v2\/pages"}],"about":[{"href":"https:\/\/www.efc-intl.com\/es\/wp-json\/wp\/v2\/types\/page"}],"author":[{"embeddable":true,"href":"https:\/\/www.efc-intl.com\/es\/wp-json\/wp\/v2\/users\/21"}],"replies":[{"embeddable":true,"href":"https:\/\/www.efc-intl.com\/es\/wp-json\/wp\/v2\/comments?post=6035"}],"version-history":[{"count":0,"href":"https:\/\/www.efc-intl.com\/es\/wp-json\/wp\/v2\/pages\/6035\/revisions"}],"up":[{"embeddable":true,"href":"https:\/\/www.efc-intl.com\/es\/wp-json\/wp\/v2\/pages\/2898"}],"wp:attachment":[{"href":"https:\/\/www.efc-intl.com\/es\/wp-json\/wp\/v2\/media?parent=6035"}],"curies":[{"name":"wp","href":"https:\/\/api.w.org\/{rel}","templated":true}]}}